{"id":11223,"date":"2022-11-02T10:25:41","date_gmt":"2022-11-02T13:25:41","guid":{"rendered":"https:\/\/powderblue-gerbil-792491.hostingersite.com\/?page_id=11223"},"modified":"2025-03-26T14:46:14","modified_gmt":"2025-03-26T17:46:14","slug":"politica-de-privacidade","status":"publish","type":"page","link":"https:\/\/serveloja.com.br\/es\/politica-de-privacidade\/","title":{"rendered":"Politica de privacidade"},"content":{"rendered":"<div data-elementor-type=\"wp-page\" data-elementor-id=\"11223\" class=\"elementor elementor-11223\" data-elementor-post-type=\"page\">\n\t\t\t\t<div class=\"elementor-element elementor-element-9c06a0a e-flex e-con-boxed e-con e-parent\" data-id=\"9c06a0a\" data-element_type=\"container\" data-e-type=\"container\" data-settings=\"{&quot;background_background&quot;:&quot;gradient&quot;}\">\n\t\t\t\t\t<div class=\"e-con-inner\">\n\t\t<div class=\"elementor-element elementor-element-5b821ca e-con-full e-flex e-con e-child\" data-id=\"5b821ca\" data-element_type=\"container\" data-e-type=\"container\">\n\t\t<div class=\"elementor-element elementor-element-e5a2d9f e-con-full e-flex e-con e-child\" data-id=\"e5a2d9f\" data-element_type=\"container\" data-e-type=\"container\">\n\t\t<div class=\"elementor-element elementor-element-60c9879 e-con-full e-flex e-con e-child\" data-id=\"60c9879\" data-element_type=\"container\" data-e-type=\"container\" data-settings=\"{&quot;background_background&quot;:&quot;classic&quot;}\">\n\t\t\t\t<div class=\"elementor-element elementor-element-c390cf3 elementor-shape-circle e-grid-align-left elementor-grid-0 elementor-widget elementor-widget-social-icons\" data-id=\"c390cf3\" data-element_type=\"widget\" data-e-type=\"widget\" data-widget_type=\"social-icons.default\">\n\t\t\t\t<div class=\"elementor-widget-container\">\n\t\t\t\t\t\t\t<div class=\"elementor-social-icons-wrapper elementor-grid\">\n\t\t\t\t\t\t\t<span class=\"elementor-grid-item\">\n\t\t\t\t\t<a class=\"elementor-icon elementor-social-icon elementor-social-icon-file-contract elementor-repeater-item-0e73a76\" target=\"_blank\">\n\t\t\t\t\t\t<span class=\"elementor-screen-only\">File-contract<\/span>\n\t\t\t\t\t\t<i aria-hidden=\"true\" class=\"fas fa-file-contract\"><\/i>\t\t\t\t\t<\/a>\n\t\t\t\t<\/span>\n\t\t\t\t\t<\/div>\n\t\t\t\t\t\t<\/div>\n\t\t\t\t<\/div>\n\t\t\t\t<div class=\"elementor-element elementor-element-fc178c9 elementor-widget elementor-widget-heading\" data-id=\"fc178c9\" data-element_type=\"widget\" data-e-type=\"widget\" data-widget_type=\"heading.default\">\n\t\t\t\t<div class=\"elementor-widget-container\">\n\t\t\t\t\t<h2 class=\"elementor-heading-title elementor-size-default\">Pol\u00edtica de privacidade<\/h2>\t\t\t\t<\/div>\n\t\t\t\t<\/div>\n\t\t\t\t<div class=\"elementor-element elementor-element-c6fa47e elementor-widget elementor-widget-text-editor\" data-id=\"c6fa47e\" data-element_type=\"widget\" data-e-type=\"widget\" data-widget_type=\"text-editor.default\">\n\t\t\t\t<div class=\"elementor-widget-container\">\n\t\t\t\t\t\t\t\t\t<p>A SERVELOJA TECNOLOGIA E SOLUCOES LTDA assume o compromisso de garantir aos usu\u00e1rios dos seus servi\u00e7os e produtos a privacidade, liberdade de acesso, qualidade, transpar\u00eancia, seguran\u00e7a e n\u00e3o discrimina\u00e7\u00e3o, conforme as normas vigentes.<\/p>\t\t\t\t\t\t\t\t<\/div>\n\t\t\t\t<\/div>\n\t\t\t\t<div class=\"elementor-element elementor-element-fe6adcf elementor-widget elementor-widget-text-editor\" data-id=\"fe6adcf\" data-element_type=\"widget\" data-e-type=\"widget\" data-widget_type=\"text-editor.default\">\n\t\t\t\t<div class=\"elementor-widget-container\">\n\t\t\t\t\t\t\t\t\t<p>A Pol\u00edtica de Privacidade (\u201cPol\u00edtica de Privacidade\u201d) que voc\u00ea est\u00e1 acessando integra os Termos e Condi\u00e7\u00f5es de Uso e descreve como a SERVELOJA suas franquias e parceiros realizam a coleta, armazenamento, uso, processamento, associa\u00e7\u00e3o, prote\u00e7\u00e3o, compartilhamento e demais formas de tratamento das suas informa\u00e7\u00f5es, incluindo os seus dados pessoais, em conex\u00e3o com o Aplicativo e os Servi\u00e7os regidos pelos Termos e Condi\u00e7\u00f5es de Uso.<\/p><p>A SERVELOJA disponibiliza esta Pol\u00edtica de Privacidade em seu site para que voc\u00ea possa acessar a vers\u00e3o mais atualizada sempre que desejar.<\/p><p>ESTA POL\u00cdTICA DE PRIVACIDADE ESTABELECE AS CONDI\u00c7\u00d5ES DE TRATAMENTO DOS SEUS DADOS NECESS\u00c1RIAS PARA A OPERA\u00c7\u00c3O DO APLICATIVO DA SERVELOJA E NO FORNECIMENTO DOS SEUS SERVI\u00c7OS, INDISTINTAMENTE PARA TODOS OS USUARIOS. CASO VOC\u00ca N\u00c3O CONCORDE COM ALGUMA DISPOSI\u00c7\u00c3O DESTA POL\u00cdTICA DE PRIVACIDADE, VOC\u00ca N\u00c3O DEVE UTILIZAR NENHUM SERVI\u00c7O DO APLICATIVO DA SERVELOJA E OS SEUS SERVI\u00c7OS. VOC\u00ca COMPREENDE E CONCORDA DE MANEIRA MANIFESTADA QUE A SERVELOJA PODER\u00c1 COLETAR, PROCESSAR, ARMAZENAR, ASSOCIAR, COMPARTILHAR, UTILIZAR, DIVULGAR OU DE OUTRO MODO TRATAR AS SUAS INFORMA\u00c7\u00d5ES, INCLUINDO SEUS DADOS PESSOAIS, SOB QUALQUER DAS FORMAS E PARA TODAS AS FINALIDADES PREVISTAS NESTA POL\u00cdTICA DE PRIVACIDADE.<\/p><p>Esta Pol\u00edtica de Privacidade est\u00e1 dividida em 5 se\u00e7\u00f5es:<\/p><p><strong>Dados coletados;<br \/>Consentimento;<br \/>Exclus\u00e3o de dados pessoais.<br \/>Prote\u00e7\u00e3o e Armazenamento; e<br \/>Uso e Compartilhamento.<\/strong><\/p><p>As regras institu\u00eddas por esta Pol\u00edtica de Privacidade s\u00e3o restritas ao uso do Aplicativo e dos Servi\u00e7os descritos nos Termos e Condi\u00e7\u00f5es de Uso, fornecidos pela SERVELOJA. Esta Pol\u00edtica de Privacidade \u00c9 RESTRITA A SERVELOJA, n\u00e3o se aplica a oferta realizada por Franquias, outras empresas ou indiv\u00edduos, inclusive produtos, parceiros ou sites que usam a Marca da SERVELOJA. VOC\u00ca DEVER\u00c1 CONSULTAR AS POL\u00cdTICAS DE PRIVACIDADE DESSAS OUTRAS EMPRESAS PARA ENTENDER COMO ELAS TRATAR\u00c3O OS SEUS DADOS PESSOAIS.<\/p><p>Ao utilizar o Aplicativo e Servi\u00e7os fornecidos pela SERVELOJA, voc\u00ea estar\u00e1 concordando integralmente com as regras desta Pol\u00edtica de Privacidade. Assim, \u00e9 necess\u00e1rio a leitura com aten\u00e7\u00e3o e, em caso de qualquer d\u00favida, entre em contato com o servi\u00e7o de Suporte ao Cliente.<\/p><ol><li><strong><strong> Informa\u00e7\u00f5es coletadas<\/strong><\/strong>\u00a0<p>Ao cadastra-se para utiliza\u00e7\u00e3o dos Servi\u00e7os da SERVELOJA voc\u00ea fornece e existe a coleta de informa\u00e7\u00f5es estat\u00edsticas de utiliza\u00e7\u00e3o dos Servi\u00e7os, dados agregados e dados de identifica\u00e7\u00e3o pessoal. Tais informa\u00e7\u00f5es podem ser utilizadas nas situa\u00e7\u00f5es e para as finalidades descritas no item 3 abaixo.<\/p><\/li><\/ol><p>Ao se cadastrar na SERVELOJA, \u00e9 fornecido determinadas informa\u00e7\u00f5es, que podem incluir nome, CPF, data de nascimento, RG, foto, endere\u00e7o, n\u00famero de telefone, e-mail, CNH, sexo, e comprovante de resid\u00eancia. Outras informa\u00e7\u00f5es podem ser coletadas e processadas &#8216;pela SERVELOJA em raz\u00e3o de normas legais que lhe sejam aplic\u00e1veis.<\/p><p>Ao utilizar o Aplicativo e Servi\u00e7os fornecidos pela SERVELOJA, voc\u00ea estar\u00e1 concordando integralmente com a coleta de informa\u00e7\u00f5es, incluindo dados aptos a identificar voc\u00ea, em diversas circunst\u00e2ncias, incluindo:<\/p><p><strong>Quando da cria\u00e7\u00e3o do seu cadastro na SERVELOJA;<br \/>Quando voc\u00ea acessa nosso site ou utiliza os Servi\u00e7os da SERVELOJA; e<br \/>Durante a utiliza\u00e7\u00e3o do Aplicativo, enquanto este permanecer ativo, em qualquer plano (quando a aplica\u00e7\u00e3o est\u00e1 aberta mas n\u00e3o \u00e9 exibida na tela do dispositivo), inclusive durante as suas viagens.<\/strong><\/p><p>Conforme o uso do Aplicativo e\/ou dos Servi\u00e7os da SERVELOJA, informa\u00e7\u00f5es adicionais relativas a voc\u00ea podem ser obtidas pela SERVELOJA, como a sua posi\u00e7\u00e3o geogr\u00e1fica, endere\u00e7o IP, navegador utilizado, tipo e marca do aparelho celular, identificadores de dispositivos m\u00f3veis, informa\u00e7\u00f5es sobre rede, provedor de conex\u00e3o \u00e0 Internet utilizado, configura\u00e7\u00e3o dos dispositivos, dados de software, informa\u00e7\u00f5es de cookies, vers\u00e3o do sistema operacional, dados financeiros, as formas de pagamento utilizadas e seus valores, avalia\u00e7\u00f5es que voc\u00ea faz sobre os Servi\u00e7os da SERVELOJA, as comunica\u00e7\u00f5es realizadas atrav\u00e9s do Aplicativo da SERVELOJA e as comunica\u00e7\u00f5es realizadas entre voc\u00ea e a SERVELOJA por meio dos nossos canais de atendimento.<\/p><p>Em caso de n\u00e3o fornecimento de qualquer das informa\u00e7\u00f5es solicitadas, n\u00e3o poder\u00e1 a SERVELOJA garantir a qualidade e precis\u00e3o do Aplicativo e dos Servi\u00e7os. Nesse caso, a SERVELOJA ter\u00e1 o direito de excluir voc\u00ea da plataforma imediatamente, inclusive para assegurar o funcionamento regular e seguro do Aplicativo e dos Servi\u00e7os para os demais usu\u00e1rios da SERVELOJA<\/p><p>Ainda poder\u00e1 a SERVELOJA obter informa\u00e7\u00f5es sobre voc\u00ea derivadas de bancos de dados privados e p\u00fablicos, de outros prestadores de servi\u00e7o e\/ou parceiros comerciais quando da vincula\u00e7\u00e3o de sua Conta a esses \u201cTerceiros\u201d, contando que essas informa\u00e7\u00f5es de Terceiros tenham sidas obtidas em conformidade com a legisla\u00e7\u00e3o aplic\u00e1vel vigente. Tais informa\u00e7\u00f5es poder\u00e3o ser associadas \u00e0s demais informa\u00e7\u00f5es que a SERVELOJA coleta sobre voc\u00ea e tamb\u00e9m utilizadas nas situa\u00e7\u00f5es e para as finalidades descritas no item 3 abaixo. As informa\u00e7\u00f5es fornecidas por Terceiros \u00e0 SERVELOJA obedecem \u00e0 disciplina pr\u00f3pria estabelecida por tais Terceiros e poder\u00e3o estar sujeitos \u00e0s suas respectivas pol\u00edticas de privacidade.<\/p><ol start=\"2\"><li><strong><strong> Prote\u00e7\u00e3o e armazenamento<\/strong><\/strong>\u00a0<\/li><\/ol><p>A crit\u00e9rio exclusivo da SERVELOJA, todas as informa\u00e7\u00f5es coletadas podem ser armazenadas em servidores localizados no Brasil ou no exterior. Assim voc\u00ea declara compreender e concordar que outros pa\u00edses podem ter n\u00edveis de prote\u00e7\u00e3o de dados diferentes do Brasil. Dessa forma e sem preju\u00edzo, suas informa\u00e7\u00f5es acaso estejam armazenadas em outros pa\u00edses estar\u00e3o sujeitas a medidas de seguran\u00e7a pelo menos equivalentes \u00e0quelas descritas nos itens seguintes.<\/p><p>As medidas de seguran\u00e7a descritas acima s\u00e3o aplicadas \u00e0s suas informa\u00e7\u00f5es somente a partir do momento em que a SERVELOJA as recebe e enquanto as mant\u00e9m sob sua guarda. O funcionamento e a seguran\u00e7a do dispositivo que voc\u00ea usa para acessar o Aplicativo e os Servi\u00e7os da SERVELOJA, bem como da rede pela qual os dados trafegam n\u00e3o s\u00e3o de responsabilidade da SERVELOJA. Visando garantir um ambiente com maior seguran\u00e7a, a SERVELOJA sugere (sem que isso represente garantia contra incidentes) que voc\u00ea respeite as precau\u00e7\u00f5es b\u00e1sicas de seguran\u00e7a seguintes al\u00e9m de outras que tragam seguran\u00e7a:<\/p><p><strong>N\u00e3o instale aplicativos ou programas de fontes estranhas ou ilegais<br \/>N\u00e3o confie em e-mails estranhos;<br \/>N\u00e3o acesse \u201cconte\u00fado promocional\u201d proveniente de fontes desconhecidas<br \/>N\u00e3o acesse sites suspeitos; e<br \/>Mantenha mecanismos de prote\u00e7\u00e3o ativos e atualizados, como anti-v\u00edrus e anti-malware;<\/strong><\/p><p>Tendo em vista a coleta de suas informa\u00e7\u00f5es pessoais,<\/p><p>A SERVELOJA prioriza a seguran\u00e7a de seus dados.A SERVELOJA vem informar que emprega todas as pr\u00e1ticas de seguran\u00e7a da informa\u00e7\u00e3o adequadas em todos os seus sistemas e infraestrutura, com a inclus\u00e3o de medidas f\u00edsicas e digitais de seguran\u00e7a com o intuito de garantir a prote\u00e7\u00e3o das informa\u00e7\u00f5es fornecidas. As medidas abrangem implementa\u00e7\u00e3o SSL, firewalls, registro de log de altera\u00e7\u00e3o, controles de acessos, criptografia forte, duplo fator de autentica\u00e7\u00e3o, entre outros mecanismos e protocolos. Com rela\u00e7\u00e3o a dados de natureza financeira, s\u00e3o aplicadas medidas adicionais de seguran\u00e7a conforme a regulamenta\u00e7\u00e3o aplic\u00e1vel E DE ACORDO COM O PCI-DSS.<\/p><ol start=\"3\"><li><strong><strong> Uso e compartilhamento<\/strong><\/strong>\u00a0<\/li><\/ol><p>Os seus dados de contato s\u00e3o utilizados para que a SERVELOJA se comunique diretamente com voc\u00ea lhe enviando sempre que necess\u00e1rio, informa\u00e7\u00f5es relevantes incluindo informa\u00e7\u00f5es de transa\u00e7\u00f5es, divulga\u00e7\u00e3o de eventos, avisos sobre os o Aplicativo e os Servi\u00e7os, not\u00edcias, pr\u00e1ticas recomendadas, ofertas especiais, dentre outras.<\/p><p>Suas informa\u00e7\u00f5es, incluindo seus dados pessoais, s\u00e3o utilizadas para prestar e aprimorar, funcionalmente e est\u00e9tica do Aplicativo e dos Servi\u00e7os da SERVELOJA, al\u00e9m das outras finalidades previstas neste item. Exceto as hip\u00f3teses previstas abaixo, a SERVELOJA n\u00e3o compartilhar\u00e1 suas informa\u00e7\u00f5es com terceiros.<\/p><p>Especificamente, a SERVELOJA utilizar\u00e1 as suas informa\u00e7\u00f5es para as seguintes finalidades:<\/p><p>(i) sua identifica\u00e7\u00e3o e personaliza\u00e7\u00e3o de sua experi\u00eancia e utiliza\u00e7\u00e3o do Aplicativo e dos Servi\u00e7os da SERVELOJA, inclusive para incentivos financeiros e fornecimento de promo\u00e7\u00f5es;<br \/>(ii) cumprimento das obriga\u00e7\u00f5es legais de coleta e compartilhamento de dados com o poder p\u00fablico, na forma da legisla\u00e7\u00e3o e regulamenta\u00e7\u00e3o aplic\u00e1veis vigentes.(iii) disponibiliza\u00e7\u00e3o e um melhoramento nos mecanismos de monitoramento e seguran\u00e7a do Aplicativo e dos Servi\u00e7os da SERVELOJA;<br \/>(iv) gera\u00e7\u00e3o de relat\u00f3rios e an\u00e1lises estat\u00edsticas com rela\u00e7\u00e3o a opera\u00e7\u00e3o e funcionamento do Aplicativo e dos Servi\u00e7os da SERVELOJA, em seu benef\u00edcio e\/ou dos seus parceiros, franquias dentre outros;<br \/>(v) identificar e proteger a SERVELOJA e os usu\u00e1rios contra abusos, fraudes ou atos ilegais;<br \/>(vi) realiza\u00e7\u00e3o de controles de riscos al\u00e9m de an\u00e1lises de antecedentes criminais;<br \/>(vii) desenvolvimento de novas funcionalidades, servi\u00e7os e produtos;<br \/>(viii) realizar an\u00e1lises e pesquisas cient\u00edficas;<br \/>(ix) possibilitar que a SERVELOJA entre em contato com voc\u00ea a respeito do Aplicativo e dos Servi\u00e7os que s\u00e3o disponibilizados, bem como para prestar suporte ao usu\u00e1rio.<br \/>(x) fornecer, manter, desenvolver, prestar, aprimorar, divulgar e ampliar a utiliza\u00e7\u00e3o do Aplicativo e dos Servi\u00e7os da SERVELOJA;<br \/>Os dados financeiros fornecidos s\u00e3o usados para a efetiva\u00e7\u00e3o de pagamentos em favor da SERVELOJA al\u00e9m das hip\u00f3teses de compartilhamento previstas abaixo.<br \/>A SERVELOJA poder\u00e1 utilizar de outras informa\u00e7\u00f5es sobre voc\u00ea dispon\u00edveis a partir de fontes terceiras e combin\u00e1-las com as informa\u00e7\u00f5es coletadas diretamente de voc\u00ea em conformidade com esta Pol\u00edtica de Privacidade, para todas as finalidades previstas nesta Se\u00e7\u00e3o. Nestas hip\u00f3teses, somente as informa\u00e7\u00f5es coletadas diretamente pela SERVELOJA de voc\u00ea e o resultado da combina\u00e7\u00e3o s\u00e3o abrangidos e sujeitos a esta Pol\u00edtica de Privacidade.<br \/>A SERVELOJA n\u00e3o compartilhar\u00e1 nem fornecer\u00e1 a terceiros as suas informa\u00e7\u00f5es, incluindo os seus dados pessoais, segundo o que descreve o item acima, exceto:<br \/>(i) para viabilizar o fornecimento e a opera\u00e7\u00e3o do Aplicativo e dos Servi\u00e7os da SERVELOJA de maneira adequada e na forma que foi contratado;<br \/>(ii) parceiros, franquias ou ainda sociedades coligadas ou \u00e0 entidade controladora para quaisquer das finalidades previstas nesta Pol\u00edtica de Privacidade;<br \/>(iii) quando for autorizado ou requerido por voc\u00ea \u00e0 SERVELOJA o compartilhamento;<br \/>(iv) a parceiros comerciais que prestem servi\u00e7os ou trabalhem em nome da SERVELOJA, de acordo com as especifica\u00e7\u00f5es e diretrizes determinadas pela mesma, incluindo previs\u00e3o contratual de dever de manuten\u00e7\u00e3o da confidencialidade das informa\u00e7\u00f5es por esses terceiros;<br \/>(v) a \u00f3rg\u00e3os, autoridades e demais entes do poder p\u00fablico, para o atendimento da legisla\u00e7\u00e3o e regulamenta\u00e7\u00e3o aplic\u00e1veis ao Aplicativo, aos Servi\u00e7os da SERVELOJA;<br \/>(vi) a \u00f3rg\u00e3os, autoridades e demais entes do poder p\u00fablico, bem como a pessoas f\u00edsicas ou jur\u00eddicas de natureza privada, em cumprimento de obriga\u00e7\u00e3o legal ou de ordem judicial;<br \/>(vii) \u00e0 autoridade policial ou ao representante do Minist\u00e9rio P\u00fablico, independentemente da exist\u00eancia de obriga\u00e7\u00e3o legal espec\u00edfica ou ordem judicial, quando, a crit\u00e9rio da SERVELOJA, houver suspeita, flagrante ou investiga\u00e7\u00e3o de crime com viol\u00eancia ou grave amea\u00e7a envolvendo usu\u00e1rios do Aplicativo, ou necess\u00e1rio para proteger direitos, propriedades ou a seguran\u00e7a da SERVELOJA, de seus usu\u00e1rios ou de terceiros;<br \/>(viii) em caso de altera\u00e7\u00e3o da propriedade ou controle da SERVELOJA ou de suas entidades controladoras, em raz\u00e3o de aquisi\u00e7\u00e3o, fus\u00e3o, ou venda de ativos; e<br \/>(ix) para o exerc\u00edcio e defesa de quaisquer direitos da SERVELOJA, ao seu crit\u00e9rio, incluindo no \u00e2mbito de processos administrativos ou judiciais.<br \/>\u200d<br \/>Conforme preceitua o artigo 7\u00ba da LGPD a Serveloja para coletar, reproduzir, utilizar, acessar, produzir, receptar, classificar, transmitir, distribuir, processar, arquivar, armazenar, eliminar, avaliar ou controlar a informa\u00e7\u00e3o, modificar, comunicar, transferir, difundir ou extrair dados sobre o Usu\u00e1rio utiliza como base legal o consentimento, contratos e procedimentos preliminares contratuais (em que o processamento \u00e9 necess\u00e1rio para firmar o contrato com o Usu\u00e1rio) e interesses leg\u00edtimos, desde que tal processamento n\u00e3o viole nem seus direitos nem suas liberdades, conforme descreve as finalidade para o tratamento dos dados.<\/p><p>A Serveloja tem como finalidade para o tratamento dos dados, enviar servi\u00e7os oferecidos, envio de e-mail marketing para os usu\u00e1rios, acessar conte\u00fados e enviar material promocional, caso o Usu\u00e1rio queira entrar em contato conosco\u00a0por meio da \u00e1rea \u201cFale Conosco\u201d dispon\u00edvel no site, a gest\u00e3o, administra\u00e7\u00e3o, presta\u00e7\u00e3o, amplia\u00e7\u00e3o e melhoramento do nosso Site e dos nossos Servi\u00e7os<\/p><ol start=\"4\"><li><strong><strong> Consentimento<\/strong><\/strong>\u00a0<\/li><\/ol><p>A SERVELOJA oferece seus Servi\u00e7os sujeito aos Termos e Condi\u00e7\u00f5es de Uso e \u00e0 Pol\u00edtica de Privacidade e ela ser\u00e1 aplic\u00e1vel enquanto voc\u00ea utilizar o Aplicativo, sistema e Servi\u00e7os.<\/p><p>Quando voc\u00ea instala o Aplicativo e realiza seu cadastro nos Servi\u00e7os voc\u00ea concorda com os Termos e Condi\u00e7\u00f5es de Uso e com a Pol\u00edtica de Privacidade. VOC\u00ca CONSENTE EXPRESSAMENTE COM A COLETA, ARMAZENAMENTO, USO, PROCESSAMENTO, ASSOCIA\u00c7\u00c3O, COMPARTILHAMENTO, DIVULGA\u00c7\u00c3O E OUTROS MODOS DE TRATAMENTO DAS SUAS INFORMA\u00c7\u00d5ES, INCLUINDO DADOS PESSOAIS, SOB QUALQUER DAS FORMAS E PARA TODAS AS FINALIDADES PREVISTAS NESTA POL\u00cdTICA DE PRIVACIDADE.<\/p><p>Caso existam altera\u00e7\u00f5es futuras desta Pol\u00edtica de Privacidade que sejam consideradas relevantes, ou ainda, que reduzam ou alterem direitos atribu\u00eddos a voc\u00ea, ser\u00e3o comunicadas pela SERVELOJA com anteced\u00eancia pr\u00e9via adequada. Assim, em caso de discord\u00e2ncia com o teor da nova Pol\u00edtica de Privacidade, as suas informa\u00e7\u00f5es continuar\u00e3o sendo tratadas em conformidade com a vers\u00e3o anterior pelo prazo de aviso pr\u00e9vio concedido, durante o qual voc\u00ea poder\u00e1 cessar o uso do Aplicativo, sistema e dos Servi\u00e7os da SERVELOJA. Se voc\u00ea continuar utilizando o Aplicativo e\/ou os Servi\u00e7os da SERVELOJA ap\u00f3s o t\u00e9rmino do prazo de aviso pr\u00e9vio, voc\u00ea estar\u00e1 concordando integralmente com a nova Pol\u00edtica de Privacidade, que passar\u00e3o a reger o tratamento das suas informa\u00e7\u00f5es<\/p><ol start=\"5\"><li><strong><strong> Exclus\u00e3o de dados pessoais<\/strong><\/strong>\u00a0<\/li><\/ol><p>Se voc\u00ea desejar excluir seus dados pessoais sob a guarda da SERVELOJA, voc\u00ea deve solicitar a exclus\u00e3o diretamente \u00e0 empresa.<\/p><p>Para proceder a exclus\u00e3o descrita acima, voc\u00ea deve deletar o Aplicativo e entrar em contato com a SERVELOJA para solicitar que suas informa\u00e7\u00f5es sejam definitivamente eliminadas. Portanto, a desinstala\u00e7\u00e3o do Aplicativo n\u00e3o basta para a exclus\u00e3o das suas informa\u00e7\u00f5es.<\/p><p>Em observ\u00e2ncia \u00e0 legisla\u00e7\u00e3o aplic\u00e1vel ou cumprimento de ordem judicial, a SERVELOJA poder\u00e1 manter determinados dados seus armazenados por um per\u00edodo n\u00e3o inferior a 6 (seis) meses, ap\u00f3s o seu pedido de exclus\u00e3o. Os dados n\u00e3o poder\u00e3o ficar an\u00f4nimos nem serem destru\u00eddos pela SERVELOJA antes da conclus\u00e3o desse prazo.<\/p><p>A SERVELOJA armazenar\u00e1 a sua solicita\u00e7\u00e3o de exclus\u00e3o observando o prazo legal de guarda obrigat\u00f3ria de determinados dados, providenciando a destrui\u00e7\u00e3o ou tornando an\u00f4nimo, a crit\u00e9rio exclusivo da empresa, das informa\u00e7\u00f5es capazes de identificar voc\u00ea.<\/p><p>Por outro lado, caso voc\u00ea solicite a exclus\u00e3o das suas informa\u00e7\u00f5es, contudo ainda tenha alguma obriga\u00e7\u00e3o pendente de cumprimento com a SERVELOJA, incluindo valores n\u00e3o pagos e saldo negativo, as suas informa\u00e7\u00f5es n\u00e3o ser\u00e3o exclu\u00eddas e permanecer\u00e3o armazenadas para o fim de viabilizar a solu\u00e7\u00e3o da pend\u00eancia e a ado\u00e7\u00e3o de medidas visando a sua cobran\u00e7a pela SERVELOJA.<\/p><p>VOC\u00ca CONCORDA INTEGRALMENTE COM ESTA POL\u00cdTICA DE PRIVACIDADE E RECONHECE QUE ELA \u00c9 COMPLEMENTAR AOS TERMOS E CONDI\u00c7\u00d5ES DE USO DA SERVELOJA. RECONHECE AINDA, QUE SE APLICAM AO TRATAMENTO DOS SEUS DADOS PESSOAIS E DEMAIS INFORMA\u00c7\u00d5ES OBJETO DESTA POL\u00cdTICA DE PRIVACIDADE AS LEIS DO BRASIL.<\/p><p><strong>Em caso de d\u00favidas e sugest\u00f5es, entre em contato:<br \/>\u200dDPO (encarregado): Pricila Maria de Jesus<br \/>\u200dCanal de atendimento: juridico@powderblue-gerbil-792491.hostingersite.com<br \/>\u00daltima atualiza\u00e7\u00e3o: 02\/11\/2022<\/strong><\/p>\t\t\t\t\t\t\t\t<\/div>\n\t\t\t\t<\/div>\n\t\t\t\t<\/div>\n\t\t\t\t<\/div>\n\t\t\t\t<\/div>\n\t\t\t\t\t<\/div>\n\t\t\t\t<\/div>\n\t\t\t\t<\/div>","protected":false},"excerpt":{"rendered":"<p>File-contract Pol\u00edtica de privacidade A SERVELOJA TECNOLOGIA E SOLUCOES LTDA assume o compromisso de garantir aos usu\u00e1rios dos seus servi\u00e7os e produtos a privacidade, liberdade de acesso, qualidade, transpar\u00eancia, seguran\u00e7a e n\u00e3o discrimina\u00e7\u00e3o, conforme as normas vigentes. A Pol\u00edtica de Privacidade (\u201cPol\u00edtica de Privacidade\u201d) que voc\u00ea est\u00e1 acessando integra os Termos e Condi\u00e7\u00f5es de Uso [&hellip;]<\/p>","protected":false},"author":2,"featured_media":0,"parent":0,"menu_order":0,"comment_status":"closed","ping_status":"closed","template":"elementor_header_footer","meta":{"inline_featured_image":false,"footnotes":""},"class_list":["post-11223","page","type-page","status-publish","hentry"],"_links":{"self":[{"href":"https:\/\/serveloja.com.br\/es\/wp-json\/wp\/v2\/pages\/11223","targetHints":{"allow":["GET"]}}],"collection":[{"href":"https:\/\/serveloja.com.br\/es\/wp-json\/wp\/v2\/pages"}],"about":[{"href":"https:\/\/serveloja.com.br\/es\/wp-json\/wp\/v2\/types\/page"}],"author":[{"embeddable":true,"href":"https:\/\/serveloja.com.br\/es\/wp-json\/wp\/v2\/users\/2"}],"replies":[{"embeddable":true,"href":"https:\/\/serveloja.com.br\/es\/wp-json\/wp\/v2\/comments?post=11223"}],"version-history":[{"count":33,"href":"https:\/\/serveloja.com.br\/es\/wp-json\/wp\/v2\/pages\/11223\/revisions"}],"predecessor-version":[{"id":13798,"href":"https:\/\/serveloja.com.br\/es\/wp-json\/wp\/v2\/pages\/11223\/revisions\/13798"}],"wp:attachment":[{"href":"https:\/\/serveloja.com.br\/es\/wp-json\/wp\/v2\/media?parent=11223"}],"curies":[{"name":"wp","href":"https:\/\/api.w.org\/{rel}","templated":true}]}}