{"id":12515,"date":"2023-09-20T14:50:30","date_gmt":"2023-09-20T17:50:30","guid":{"rendered":"https:\/\/powderblue-gerbil-792491.hostingersite.com\/?page_id=12515"},"modified":"2025-06-15T11:19:42","modified_gmt":"2025-06-15T14:19:42","slug":"denuncia","status":"publish","type":"page","link":"https:\/\/serveloja.com.br\/es\/denuncia\/","title":{"rendered":"Canal de Den\u00fancia"},"content":{"rendered":"<style>.elementor-12515 .elementor-element.elementor-element-475ffb6{--display:flex;--flex-direction:row;--container-widget-width:calc( ( 1 - var( --container-widget-flex-grow ) ) * 100% );--container-widget-height:100%;--container-widget-flex-grow:1;--container-widget-align-self:stretch;--flex-wrap-mobile:wrap;--align-items:stretch;--gap:10px 10px;--row-gap:10px;--column-gap:10px;--overlay-opacity:1;--margin-top:0px;--margin-bottom:0px;--margin-left:0px;--margin-right:0px;--padding-top:20px;--padding-bottom:20px;--padding-left:0px;--padding-right:0px;}.elementor-12515 .elementor-element.elementor-element-475ffb6::before, .elementor-12515 .elementor-element.elementor-element-475ffb6 > .elementor-background-video-container::before, .elementor-12515 .elementor-element.elementor-element-475ffb6 > .e-con-inner > .elementor-background-video-container::before, .elementor-12515 .elementor-element.elementor-element-475ffb6 > .elementor-background-slideshow::before, .elementor-12515 .elementor-element.elementor-element-475ffb6 > .e-con-inner > .elementor-background-slideshow::before, .elementor-12515 .elementor-element.elementor-element-475ffb6 > .elementor-motion-effects-container > .elementor-motion-effects-layer::before{background-color:transparent;--background-overlay:'';background-image:linear-gradient(270deg, #05B32FA1 40%, #F7F7F7 40%);}.elementor-12515 .elementor-element.elementor-element-ffc5b98{--display:flex;--justify-content:center;--align-items:flex-start;--container-widget-width:calc( ( 1 - var( --container-widget-flex-grow ) ) * 100% );--margin-top:40px;--margin-bottom:0px;--margin-left:0px;--margin-right:0px;}.elementor-12515 .elementor-element.elementor-element-ffc5b98.e-con{--flex-grow:0;--flex-shrink:0;}.elementor-12515 .elementor-element.elementor-element-4f373d1{--display:flex;--justify-content:center;--overlay-opacity:0.4;--border-radius:40px 40px 40px 40px;--margin-top:0px;--margin-bottom:0px;--margin-left:10px;--margin-right:15px;--padding-top:40px;--padding-bottom:40px;--padding-left:50px;--padding-right:50px;}.elementor-12515 .elementor-element.elementor-element-4f373d1:not(.elementor-motion-effects-element-type-background), .elementor-12515 .elementor-element.elementor-element-4f373d1 > .elementor-motion-effects-container > .elementor-motion-effects-layer{background-color:var( --e-global-color-secondary );}.elementor-12515 .elementor-element.elementor-element-4f373d1::before, .elementor-12515 .elementor-element.elementor-element-4f373d1 > .elementor-background-video-container::before, .elementor-12515 .elementor-element.elementor-element-4f373d1 > .e-con-inner > .elementor-background-video-container::before, .elementor-12515 .elementor-element.elementor-element-4f373d1 > .elementor-background-slideshow::before, .elementor-12515 .elementor-element.elementor-element-4f373d1 > .e-con-inner > .elementor-background-slideshow::before, .elementor-12515 .elementor-element.elementor-element-4f373d1 > .elementor-motion-effects-container > .elementor-motion-effects-layer::before{background-image:url(\"https:\/\/serveloja.com.br\/wp-content\/uploads\/2022\/11\/bg-4-e1654330249265.jpg\");--background-overlay:'';background-position:center center;background-repeat:no-repeat;background-size:cover;}.elementor-12515 .elementor-element.elementor-element-4f373d1.e-con{--flex-grow:0;--flex-shrink:0;}.elementor-12515 .elementor-element.elementor-element-739b1b1 .elementor-icon-list-icon i{color:var( --e-global-color-644c2b7 );transition:color 0.3s;}.elementor-12515 .elementor-element.elementor-element-739b1b1 .elementor-icon-list-icon svg{fill:var( --e-global-color-644c2b7 );transition:fill 0.3s;}.elementor-12515 .elementor-element.elementor-element-739b1b1{--e-icon-list-icon-size:16px;--icon-vertical-offset:0px;}.elementor-12515 .elementor-element.elementor-element-739b1b1 .elementor-icon-list-icon{padding-inline-end:6px;}.elementor-12515 .elementor-element.elementor-element-739b1b1 .elementor-icon-list-item > .elementor-icon-list-text, .elementor-12515 .elementor-element.elementor-element-739b1b1 .elementor-icon-list-item > a{font-family:var( --e-global-typography-e6825ac-font-family ), Sans-serif;font-size:var( --e-global-typography-e6825ac-font-size );font-weight:var( --e-global-typography-e6825ac-font-weight );}.elementor-12515 .elementor-element.elementor-element-739b1b1 .elementor-icon-list-text{color:var( --e-global-color-text );transition:color 0.3s;}.elementor-12515 .elementor-element.elementor-element-1d7820d .elementor-heading-title{font-family:var( --e-global-typography-secondary-font-family ), Sans-serif;font-size:var( --e-global-typography-secondary-font-size );font-weight:var( --e-global-typography-secondary-font-weight );line-height:var( --e-global-typography-secondary-line-height );color:var( --e-global-color-text );}.elementor-12515 .elementor-element.elementor-element-1fad0f4{--display:flex;--flex-direction:row;--container-widget-width:calc( ( 1 - var( --container-widget-flex-grow ) ) * 100% );--container-widget-height:100%;--container-widget-flex-grow:1;--container-widget-align-self:stretch;--flex-wrap-mobile:wrap;--align-items:stretch;--gap:10px 10px;--row-gap:10px;--column-gap:10px;}.elementor-12515 .elementor-element.elementor-element-19bd9db{--display:flex;--justify-content:center;}.elementor-12515 .elementor-element.elementor-element-94c88e8{font-size:20px;color:var( --e-global-color-644c2b7 );}.elementor-12515 .elementor-element.elementor-element-554d866{--display:flex;--justify-content:flex-start;--margin-top:40px;--margin-bottom:0px;--margin-left:0px;--margin-right:0px;}.elementor-12515 .elementor-element.elementor-element-554d866.e-con{--flex-grow:0;--flex-shrink:0;}.elementor-12515 .elementor-element.elementor-element-80c1d69{--display:flex;border-style:solid;--border-style:solid;border-width:1px 1px 1px 1px;--border-top-width:1px;--border-right-width:1px;--border-bottom-width:1px;--border-left-width:1px;border-color:var( --e-global-color-e2cda29 );--border-color:var( --e-global-color-e2cda29 );--border-radius:40px 40px 40px 40px;box-shadow:0px 10px 35px 0px rgba(157.99999999999997, 154, 221, 0.1);--margin-top:0px;--margin-bottom:0px;--margin-left:15px;--margin-right:10px;--padding-top:40px;--padding-bottom:40px;--padding-left:50px;--padding-right:50px;}.elementor-12515 .elementor-element.elementor-element-80c1d69:not(.elementor-motion-effects-element-type-background), .elementor-12515 .elementor-element.elementor-element-80c1d69 > .elementor-motion-effects-container > .elementor-motion-effects-layer{background-color:var( --e-global-color-644c2b7 );}.elementor-12515 .elementor-element.elementor-element-80c1d69.e-con{--flex-grow:0;--flex-shrink:0;}.elementor-12515 .elementor-element.elementor-element-d75f355 .elementor-field-group{padding-right:calc( 10px\/2 );padding-left:calc( 10px\/2 );margin-bottom:10px;}.elementor-12515 .elementor-element.elementor-element-d75f355 .elementor-form-fields-wrapper{margin-left:calc( -10px\/2 );margin-right:calc( -10px\/2 );margin-bottom:-10px;}.elementor-12515 .elementor-element.elementor-element-d75f355 .elementor-field-group.recaptcha_v3-bottomleft, .elementor-12515 .elementor-element.elementor-element-d75f355 .elementor-field-group.recaptcha_v3-bottomright{margin-bottom:0;}body.rtl .elementor-12515 .elementor-element.elementor-element-d75f355 .elementor-labels-inline .elementor-field-group > label{padding-left:15px;}body:not(.rtl) .elementor-12515 .elementor-element.elementor-element-d75f355 .elementor-labels-inline .elementor-field-group > label{padding-right:15px;}body .elementor-12515 .elementor-element.elementor-element-d75f355 .elementor-labels-above .elementor-field-group > label{padding-bottom:15px;}.elementor-12515 .elementor-element.elementor-element-d75f355 .elementor-field-group > label, .elementor-12515 .elementor-element.elementor-element-d75f355 .elementor-field-subgroup label{color:var( --e-global-color-text );}.elementor-12515 .elementor-element.elementor-element-d75f355 .elementor-field-group .elementor-field{color:var( --e-global-color-secondary );}.elementor-12515 .elementor-element.elementor-element-d75f355 .elementor-field-group .elementor-field:not(.elementor-select-wrapper){background-color:#ffffff;}.elementor-12515 .elementor-element.elementor-element-d75f355 .elementor-field-group .elementor-select-wrapper select{background-color:#ffffff;}.elementor-12515 .elementor-element.elementor-element-d75f355 .e-form__buttons__wrapper__button-next{color:#ffffff;}.elementor-12515 .elementor-element.elementor-element-d75f355 .elementor-button[type=\"submit\"]{color:#ffffff;}.elementor-12515 .elementor-element.elementor-element-d75f355 .elementor-button[type=\"submit\"] svg *{fill:#ffffff;}.elementor-12515 .elementor-element.elementor-element-d75f355 .e-form__buttons__wrapper__button-previous{color:#ffffff;}.elementor-12515 .elementor-element.elementor-element-d75f355 .e-form__buttons__wrapper__button-next:hover{color:#ffffff;}.elementor-12515 .elementor-element.elementor-element-d75f355 .elementor-button[type=\"submit\"]:hover{color:#ffffff;}.elementor-12515 .elementor-element.elementor-element-d75f355 .elementor-button[type=\"submit\"]:hover svg *{fill:#ffffff;}.elementor-12515 .elementor-element.elementor-element-d75f355 .e-form__buttons__wrapper__button-previous:hover{color:#ffffff;}.elementor-12515 .elementor-element.elementor-element-d75f355{--e-form-steps-indicators-spacing:20px;--e-form-steps-indicator-padding:30px;--e-form-steps-indicator-inactive-secondary-color:#ffffff;--e-form-steps-indicator-active-secondary-color:#ffffff;--e-form-steps-indicator-completed-secondary-color:#ffffff;--e-form-steps-divider-width:1px;--e-form-steps-divider-gap:10px;}@media(max-width:1024px){.elementor-12515 .elementor-element.elementor-element-475ffb6{--flex-direction:column;--container-widget-width:calc( ( 1 - var( --container-widget-flex-grow ) ) * 100% );--container-widget-height:initial;--container-widget-flex-grow:0;--container-widget-align-self:initial;--flex-wrap-mobile:wrap;--justify-content:center;--align-items:center;--margin-top:0px;--margin-bottom:0px;--margin-left:0px;--margin-right:0px;--padding-top:0px;--padding-bottom:0px;--padding-left:12px;--padding-right:12px;}.elementor-12515 .elementor-element.elementor-element-475ffb6::before, .elementor-12515 .elementor-element.elementor-element-475ffb6 > .elementor-background-video-container::before, .elementor-12515 .elementor-element.elementor-element-475ffb6 > .e-con-inner > .elementor-background-video-container::before, .elementor-12515 .elementor-element.elementor-element-475ffb6 > .elementor-background-slideshow::before, .elementor-12515 .elementor-element.elementor-element-475ffb6 > .e-con-inner > .elementor-background-slideshow::before, .elementor-12515 .elementor-element.elementor-element-475ffb6 > .elementor-motion-effects-container > .elementor-motion-effects-layer::before{background-color:transparent;background-image:linear-gradient(0deg, #05B32FA1 0%, #F7F7F7 0%);}.elementor-12515 .elementor-element.elementor-element-ffc5b98{--justify-content:flex-start;--margin-top:20px;--margin-bottom:0px;--margin-left:0px;--margin-right:0px;--padding-top:0px;--padding-bottom:0px;--padding-left:7px;--padding-right:0px;}.elementor-12515 .elementor-element.elementor-element-4f373d1{--margin-top:20px;--margin-bottom:0px;--margin-left:20px;--margin-right:20px;}.elementor-12515 .elementor-element.elementor-element-739b1b1 .elementor-icon-list-item > .elementor-icon-list-text, .elementor-12515 .elementor-element.elementor-element-739b1b1 .elementor-icon-list-item > a{font-size:var( --e-global-typography-e6825ac-font-size );}.elementor-12515 .elementor-element.elementor-element-1d7820d{text-align:left;}.elementor-12515 .elementor-element.elementor-element-1d7820d .elementor-heading-title{font-size:var( --e-global-typography-secondary-font-size );line-height:var( --e-global-typography-secondary-line-height );}.elementor-12515 .elementor-element.elementor-element-554d866{--min-height:864px;--margin-top:20px;--margin-bottom:0px;--margin-left:0px;--margin-right:0px;--padding-top:0px;--padding-bottom:0px;--padding-left:0px;--padding-right:0px;}.elementor-12515 .elementor-element.elementor-element-80c1d69{--margin-top:-100px;--margin-bottom:0px;--margin-left:20px;--margin-right:20px;}}@media(max-width:767px){.elementor-12515 .elementor-element.elementor-element-475ffb6::before, .elementor-12515 .elementor-element.elementor-element-475ffb6 > .elementor-background-video-container::before, .elementor-12515 .elementor-element.elementor-element-475ffb6 > .e-con-inner > .elementor-background-video-container::before, .elementor-12515 .elementor-element.elementor-element-475ffb6 > .elementor-background-slideshow::before, .elementor-12515 .elementor-element.elementor-element-475ffb6 > .e-con-inner > .elementor-background-slideshow::before, .elementor-12515 .elementor-element.elementor-element-475ffb6 > .elementor-motion-effects-container > .elementor-motion-effects-layer::before{background-color:transparent;background-image:linear-gradient(0deg, #05B32FA1 4%, #F7F7F7 17%);}.elementor-12515 .elementor-element.elementor-element-475ffb6{--margin-top:0px;--margin-bottom:0px;--margin-left:0px;--margin-right:0px;--padding-top:50px;--padding-bottom:20px;--padding-left:0px;--padding-right:0px;}.elementor-12515 .elementor-element.elementor-element-ffc5b98{--margin-top:-30px;--margin-bottom:0px;--margin-left:0px;--margin-right:7px;--padding-top:0px;--padding-bottom:0px;--padding-left:7px;--padding-right:7px;}.elementor-12515 .elementor-element.elementor-element-4f373d1{--margin-top:20px;--margin-bottom:0px;--margin-left:15px;--margin-right:15px;--padding-top:30px;--padding-bottom:30px;--padding-left:30px;--padding-right:30px;}.elementor-12515 .elementor-element.elementor-element-739b1b1 > .elementor-widget-container{margin:0px 0px 0px 7px;padding:0px 0px 0px 0px;}.elementor-12515 .elementor-element.elementor-element-739b1b1 .elementor-icon-list-item > .elementor-icon-list-text, .elementor-12515 .elementor-element.elementor-element-739b1b1 .elementor-icon-list-item > a{font-size:var( --e-global-typography-e6825ac-font-size );}.elementor-12515 .elementor-element.elementor-element-1d7820d{text-align:center;}.elementor-12515 .elementor-element.elementor-element-1d7820d .elementor-heading-title{font-size:var( --e-global-typography-secondary-font-size );line-height:var( --e-global-typography-secondary-line-height );}.elementor-12515 .elementor-element.elementor-element-554d866{--min-height:0px;--margin-top:0px;--margin-bottom:0px;--margin-left:0px;--margin-right:0px;--padding-top:0px;--padding-bottom:0px;--padding-left:7px;--padding-right:7px;}.elementor-12515 .elementor-element.elementor-element-80c1d69{--margin-top:-100px;--margin-bottom:0px;--margin-left:15px;--margin-right:15px;--padding-top:30px;--padding-bottom:30px;--padding-left:30px;--padding-right:30px;}}@media(min-width:768px){.elementor-12515 .elementor-element.elementor-element-475ffb6{--content-width:1200px;}.elementor-12515 .elementor-element.elementor-element-ffc5b98{--width:50%;}.elementor-12515 .elementor-element.elementor-element-554d866{--width:50%;}}@media(max-width:1024px) and (min-width:768px){.elementor-12515 .elementor-element.elementor-element-ffc5b98{--width:96.776%;}.elementor-12515 .elementor-element.elementor-element-4f373d1{--width:100%;}.elementor-12515 .elementor-element.elementor-element-554d866{--width:70%;}.elementor-12515 .elementor-element.elementor-element-80c1d69{--width:100%;}}<\/style>\t\t<div data-elementor-type=\"wp-page\" data-elementor-id=\"12515\" class=\"elementor elementor-12515\" data-elementor-post-type=\"page\">\n\t\t\t\t<div class=\"elementor-element elementor-element-475ffb6 e-flex e-con-boxed e-con e-parent\" data-id=\"475ffb6\" data-element_type=\"container\" data-settings=\"{&quot;background_background&quot;:&quot;gradient&quot;}\">\n\t\t\t\t\t<div class=\"e-con-inner\">\n\t\t<div class=\"elementor-element elementor-element-ffc5b98 e-con-full e-flex e-con e-child\" data-id=\"ffc5b98\" data-element_type=\"container\">\n\t\t<div class=\"elementor-element elementor-element-4f373d1 e-con-full e-flex e-con e-child\" data-id=\"4f373d1\" data-element_type=\"container\" data-settings=\"{&quot;background_background&quot;:&quot;classic&quot;}\">\n\t\t\t\t<div class=\"elementor-element elementor-element-739b1b1 elementor-icon-list--layout-traditional elementor-list-item-link-full_width elementor-widget elementor-widget-icon-list\" data-id=\"739b1b1\" data-element_type=\"widget\" data-widget_type=\"icon-list.default\">\n\t\t\t\t<div class=\"elementor-widget-container\">\n\t\t\t\t\t\t\t<ul class=\"elementor-icon-list-items\">\n\t\t\t\t\t\t\t<li class=\"elementor-icon-list-item\">\n\t\t\t\t\t\t\t\t\t\t\t<span class=\"elementor-icon-list-icon\">\n\t\t\t\t\t\t\t<i aria-hidden=\"true\" class=\"far fa-dot-circle\"><\/i>\t\t\t\t\t\t<\/span>\n\t\t\t\t\t\t\t\t\t\t<span class=\"elementor-icon-list-text\">Aceite Pix, Cart\u00f5es e Boleto banc\u00e1rio<\/span>\n\t\t\t\t\t\t\t\t\t<\/li>\n\t\t\t\t\t\t<\/ul>\n\t\t\t\t\t\t<\/div>\n\t\t\t\t<\/div>\n\t\t\t\t<div class=\"elementor-element elementor-element-1d7820d elementor-widget elementor-widget-heading\" data-id=\"1d7820d\" data-element_type=\"widget\" data-widget_type=\"heading.default\">\n\t\t\t\t<div class=\"elementor-widget-container\">\n\t\t\t\t\t<h1 class=\"elementor-heading-title elementor-size-default\">Canal de denuncia<\/h1>\t\t\t\t<\/div>\n\t\t\t\t<\/div>\n\t\t<div class=\"elementor-element elementor-element-1fad0f4 e-con-full e-flex e-con e-child\" data-id=\"1fad0f4\" data-element_type=\"container\">\n\t\t<div class=\"elementor-element elementor-element-19bd9db e-con-full e-flex e-con e-child\" data-id=\"19bd9db\" data-element_type=\"container\" data-settings=\"{&quot;background_background&quot;:&quot;classic&quot;}\">\n\t\t\t\t<div class=\"elementor-element elementor-element-94c88e8 elementor-widget elementor-widget-text-editor\" data-id=\"94c88e8\" data-element_type=\"widget\" data-widget_type=\"text-editor.default\">\n\t\t\t\t<div class=\"elementor-widget-container\">\n\t\t\t\t\t\t\t\t\t<p>Este es un canal exclusivo para empleados y proveedores de Serveloja, creado para promover una comunicaci\u00f3n segura y, si se prefiere, anonimato. Est\u00e1 destinado a informar sobre comportamientos considerados poco \u00e9ticos o que violen principios \u00e9ticos, est\u00e1ndares de conducta y\/o legislaci\u00f3n vigente.<\/p><p>La informaci\u00f3n registrada aqu\u00ed ser\u00e1 enviada directamente a los fundadores de SERVELOJA, quienes garantizar\u00e1n absoluta confidencialidad y tratamiento adecuado de cada situaci\u00f3n sin conflictos de intereses.<\/p><div id=\"acfifjfajpekbmhmjppnmmjgmhjkildl\" class=\"acfifjfajpekbmhmjppnmmjgmhjkildl\">\u00a0<\/div><div id=\"acfifjfajpekbmhmjppnmmjgmhjkildl\" class=\"acfifjfajpekbmhmjppnmmjgmhjkildl\">\u00a0<\/div>\t\t\t\t\t\t\t\t<\/div>\n\t\t\t\t<\/div>\n\t\t\t\t<\/div>\n\t\t\t\t<\/div>\n\t\t\t\t<\/div>\n\t\t\t\t<\/div>\n\t\t<div class=\"elementor-element elementor-element-554d866 e-con-full e-flex e-con e-child\" data-id=\"554d866\" data-element_type=\"container\">\n\t\t<div class=\"elementor-element elementor-element-80c1d69 e-con-full e-flex e-con e-child\" data-id=\"80c1d69\" data-element_type=\"container\" data-settings=\"{&quot;background_background&quot;:&quot;classic&quot;}\">\n\t\t\t\t<div class=\"elementor-element elementor-element-d75f355 elementor-button-align-stretch elementor-widget elementor-widget-form\" data-id=\"d75f355\" data-element_type=\"widget\" data-settings=\"{&quot;step_next_label&quot;:&quot;Next&quot;,&quot;step_previous_label&quot;:&quot;Previous&quot;,&quot;button_width&quot;:&quot;100&quot;,&quot;step_type&quot;:&quot;number_text&quot;,&quot;step_icon_shape&quot;:&quot;circle&quot;}\" data-widget_type=\"form.default\">\n\t\t\t\t<div class=\"elementor-widget-container\">\n\t\t\t\t\t\t\t<form class=\"elementor-form\" method=\"post\" name=\"denuncia\" aria-label=\"denuncia\" action=\"\">\n\t\t\t<input type=\"hidden\" name=\"post_id\" value=\"12515\"\/>\n\t\t\t<input type=\"hidden\" name=\"form_id\" value=\"d75f355\"\/>\n\t\t\t<input type=\"hidden\" name=\"referer_title\" value=\"\" \/>\n\n\t\t\t\n\t\t\t<div class=\"elementor-form-fields-wrapper elementor-labels-above\">\n\t\t\t\t\t\t\t\t<div class=\"elementor-field-type-radio elementor-field-group elementor-column elementor-field-group-anonino elementor-col-100\">\n\t\t\t\t\t\t\t\t\t\t\t\t<label for=\"form-field-anonino\" class=\"elementor-field-label\">\n\t\t\t\t\t\t\t\t\u00bfDesea identificarse?\t\t\t\t\t\t\t<\/label>\n\t\t\t\t\t\t<div class=\"elementor-field-subgroup  elementor-subgroup-inline\"><span class=\"elementor-field-option\"><input type=\"radio\" value=\"Sim\" id=\"form-field-anonino-0\" name=\"form_fields[anonino]\"> <label for=\"form-field-anonino-0\">S\u00ed<\/label><\/span><span class=\"elementor-field-option\"><input type=\"radio\" value=\"N\u00e3o\" id=\"form-field-anonino-1\" name=\"form_fields[anonino]\"> <label for=\"form-field-anonino-1\">No<\/label><\/span><\/div>\t\t\t\t<\/div>\n\t\t\t\t\t\t\t\t<div class=\"elementor-field-type-text elementor-field-group elementor-column elementor-field-group-email elementor-col-100 elementor-field-required\">\n\t\t\t\t\t\t\t\t\t\t\t\t<label for=\"form-field-email\" class=\"elementor-field-label\">\n\t\t\t\t\t\t\t\tNome:\t\t\t\t\t\t\t<\/label>\n\t\t\t\t\t\t\t\t\t\t\t\t\t\t<input size=\"1\" type=\"text\" name=\"form_fields[email]\" id=\"form-field-email\" class=\"elementor-field elementor-size-sm  elementor-field-textual\" placeholder=\"Su identificaci\u00f3n es opcional\" required=\"required\">\n\t\t\t\t\t\t\t\t\t\t\t<\/div>\n\t\t\t\t\t\t\t\t<div class=\"elementor-field-type-email elementor-field-group elementor-column elementor-field-group-field_ffb2a93 elementor-col-100 elementor-field-required\">\n\t\t\t\t\t\t\t\t\t\t\t\t<label for=\"form-field-field_ffb2a93\" class=\"elementor-field-label\">\n\t\t\t\t\t\t\t\tCorreo electr\u00f3nico\t\t\t\t\t\t\t<\/label>\n\t\t\t\t\t\t\t\t\t\t\t\t\t\t<input size=\"1\" type=\"email\" name=\"form_fields[field_ffb2a93]\" id=\"form-field-field_ffb2a93\" class=\"elementor-field elementor-size-sm  elementor-field-textual\" placeholder=\"Su correo electr\u00f3nico es opcional\" required=\"required\">\n\t\t\t\t\t\t\t\t\t\t\t<\/div>\n\t\t\t\t\t\t\t\t<div class=\"elementor-field-type-textarea elementor-field-group elementor-column elementor-field-group-message elementor-col-100\">\n\t\t\t\t\t\t\t\t\t\t\t\t<label for=\"form-field-message\" class=\"elementor-field-label\">\n\t\t\t\t\t\t\t\tProporcionar relato\t\t\t\t\t\t\t<\/label>\n\t\t\t\t\t\t<textarea class=\"elementor-field-textual elementor-field  elementor-size-sm\" name=\"form_fields[message]\" id=\"form-field-message\" rows=\"4\" placeholder=\"Puede optar por hacer un informe an\u00f3nimo o puede identificarse.\"><\/textarea>\t\t\t\t<\/div>\n\t\t\t\t\t\t\t\t<div class=\"elementor-field-group elementor-column elementor-field-type-submit elementor-col-100 e-form__buttons\">\n\t\t\t\t\t<button class=\"elementor-button elementor-size-sm\" type=\"submit\">\n\t\t\t\t\t\t<span class=\"elementor-button-content-wrapper\">\n\t\t\t\t\t\t\t\t\t\t\t\t\t\t\t\t\t\t\t\t\t\t<span class=\"elementor-button-text\">Enviar<\/span>\n\t\t\t\t\t\t\t\t\t\t\t\t\t<\/span>\n\t\t\t\t\t<\/button>\n\t\t\t\t<\/div>\n\t\t\t<\/div>\n\t\t<input type=\"hidden\" name=\"trp-form-language\" value=\"es\"\/><\/form>\n\t\t\t\t\t\t<\/div>\n\t\t\t\t<\/div>\n\t\t\t\t<\/div>\n\t\t\t\t<\/div>\n\t\t\t\t\t<\/div>\n\t\t\t\t<\/div>\n\t\t\t\t<\/div>","protected":false},"excerpt":{"rendered":"<p>Aceite Pix, Cart\u00f5es e Boleto banc\u00e1rio Canal de den\u00fancia Este \u00e9 um canal exclusivo para colaboradores e fornecedores da Serveloja, criado para promover uma comunica\u00e7\u00e3o segura e, se preferir, an\u00f4nima. Ele \u00e9 destinado a relatar condutas consideradas anti\u00e9ticas ou que violem os princ\u00edpios \u00e9ticos, os padr\u00f5es de conduta e\/ou a legisla\u00e7\u00e3o vigente. As informa\u00e7\u00f5es registradas [&hellip;]<\/p>","protected":false},"author":2,"featured_media":0,"parent":0,"menu_order":0,"comment_status":"closed","ping_status":"closed","template":"elementor_header_footer","meta":{"inline_featured_image":false,"footnotes":""},"class_list":["post-12515","page","type-page","status-publish","hentry"],"_links":{"self":[{"href":"https:\/\/serveloja.com.br\/es\/wp-json\/wp\/v2\/pages\/12515","targetHints":{"allow":["GET"]}}],"collection":[{"href":"https:\/\/serveloja.com.br\/es\/wp-json\/wp\/v2\/pages"}],"about":[{"href":"https:\/\/serveloja.com.br\/es\/wp-json\/wp\/v2\/types\/page"}],"author":[{"embeddable":true,"href":"https:\/\/serveloja.com.br\/es\/wp-json\/wp\/v2\/users\/2"}],"replies":[{"embeddable":true,"href":"https:\/\/serveloja.com.br\/es\/wp-json\/wp\/v2\/comments?post=12515"}],"version-history":[{"count":40,"href":"https:\/\/serveloja.com.br\/es\/wp-json\/wp\/v2\/pages\/12515\/revisions"}],"predecessor-version":[{"id":14339,"href":"https:\/\/serveloja.com.br\/es\/wp-json\/wp\/v2\/pages\/12515\/revisions\/14339"}],"wp:attachment":[{"href":"https:\/\/serveloja.com.br\/es\/wp-json\/wp\/v2\/media?parent=12515"}],"curies":[{"name":"wp","href":"https:\/\/api.w.org\/{rel}","templated":true}]}}